{"id":9325,"date":"2022-08-03T15:33:44","date_gmt":"2022-08-03T14:33:44","guid":{"rendered":"https:\/\/www.fecsa.net\/?page_id=9325"},"modified":"2024-04-23T17:53:47","modified_gmt":"2024-04-23T16:53:47","slug":"news","status":"publish","type":"page","link":"https:\/\/www.fecsa.net\/en\/news\/","title":{"rendered":"News"},"content":{"rendered":"<section class=\"l-section wpb_row us_custom_2c6bb755 header height_medium width_full color_alternate\"><div class=\"l-section-h i-cf\"><div class=\"g-cols vc_row via_flex valign_top type_default stacking_default\"><div class=\"vc_col-sm-12 wpb_column vc_column_container\"><div class=\"vc_column-inner\"><div class=\"wpb_wrapper\"><div class=\"g-cols wpb_row us_custom_f1bde117 via_flex valign_top type_default stacking_default\"><div class=\"vc_col-sm-12 wpb_column vc_column_container\"><div class=\"vc_column-inner us_custom_2293e2d3\"><div class=\"wpb_wrapper\">[vc_custom_heading text=&#8221;News&#8221; font_container=&#8221;tag:h1|text_align:left&#8221; use_theme_fonts=&#8221;yes&#8221; css=&#8221;%7B%22default%22%3A%7B%22margin-bottom%22%3A%220%22%2C%22animation-name%22%3A%22afr%22%7D%7D&#8221;]<div class=\"w-separator deco-line size_small with_line width_50 thick_1 style_solid color_border align_none\"><div class=\"w-separator-h\"><\/div><\/div><\/div><\/div><\/div><\/div><div class=\"w-image us_custom_3fe18b84 deco-fecsa align_none\"><div class=\"w-image-h\"><img decoding=\"async\" width=\"1836\" height=\"963\" src=\"https:\/\/www.fecsa.net\/wp-content\/uploads\/2022\/07\/deco-header-fecsa.png\" class=\"attachment-full size-full\" alt=\"\" loading=\"lazy\" \/><\/div><\/div><\/div><\/div><\/div><\/div><\/div><\/section><section class=\"l-section wpb_row us_custom_ec00add3 height_medium\"><div class=\"l-section-h i-cf\"><div class=\"g-cols vc_row via_flex valign_top type_default stacking_default\"><div class=\"vc_col-sm-12 wpb_column vc_column_container\"><div class=\"vc_column-inner\"><div class=\"wpb_wrapper\"><div class=\"g-cols wpb_row us_custom_05f4a99e via_flex valign_top type_default stacking_default\"><div class=\"vc_col-sm-12 wpb_column vc_column_container\"><div class=\"vc_column-inner\"><div class=\"wpb_wrapper\">[vc_custom_heading text=&#8221;We tell you all the news that happens in FECSA.&#8221; font_container=&#8221;tag:h2|text_align:center&#8221; use_theme_fonts=&#8221;yes&#8221; css=&#8221;%7B%22default%22%3A%7B%22width%22%3A%22100%25%22%2C%22max-width%22%3A%221025px%22%2C%22margin-left%22%3A%22auto%22%2C%22margin-right%22%3A%22auto%22%2C%22padding-bottom%22%3A%222rem%22%2C%22border-style%22%3A%22solid%22%2C%22border-bottom-width%22%3A%221px%22%2C%22border-color%22%3A%22%23000000%22%7D%7D&#8221;]<\/div><\/div><\/div><\/div><div class=\"g-cols wpb_row us_custom_05f4a99e via_flex valign_top type_default stacking_default\"><div class=\"vc_col-sm-12 wpb_column vc_column_container\"><div class=\"vc_column-inner\"><div class=\"wpb_wrapper\"><div class=\"w-grid us_grid us_custom_4f24afa8 type_grid layout_9306 cols_2 pagination_infinite preload_style_spinner\" id=\"us_grid_1\" style=\"--columns:2;\" data-filterable=\"true\"><style>@media (max-width:768px){#us_grid_1{--columns:1!important}}.layout_9306 .w-grid-item-h{}.layout_9306 .usg_post_image_1{margin-top:1rem!important}.layout_9306 .usg_vwrapper_1{padding:2rem 3rem 2rem 3rem!important}.layout_9306 .usg_post_title_1{color:#000000!important;margin-bottom:2rem!important;padding-top:2rem!important}.layout_9306 .usg_hwrapper_1{padding-bottom:1rem!important}.layout_9306 .usg_text_1{color:#000000!important;text-align:right!important;font-size:1.65rem!important;line-height:1.2!important;font-family:Eurostile!important;font-weight:700!important;text-transform:uppercase!important}@media (min-width:1281px) and (max-width:1440px){.layout_9306 .usg_vwrapper_1{padding:2rem 3rem 2rem 3rem!important}}@media (min-width:769px) and (max-width:1280px){.layout_9306 .usg_vwrapper_1{padding:2rem 0.5rem 2rem 0.5rem!important}}@media (max-width:768px){.layout_9306 .usg_vwrapper_1{padding:2rem 0.5rem 2rem 0.5rem!important}}<\/style><div class=\"w-grid-list\">\t<article class=\"w-grid-item size_1x1 custom-link post-9506 post type-post status-publish format-standard has-post-thumbnail hentry category-uncategorized\" data-id=\"9506\">\r\n\t\t<div class=\"w-grid-item-h\">\r\n\t\t\t\t\t\t\t<a target=\"_blank\" href=\"https:\/\/www.larazon.es\/espana\/20220907\/m5cytqxvojhq5kqpdzm3ff75bi.html\" aria-label=\"As\u00ed ser\u00e1 el nuevo casco de combate que quiere el Ej\u00e9rcito espa\u00f1ol\"><\/a>\r\n\t\t\t\t\t\t<div class=\"w-vwrapper usg_vwrapper_1 post-news-p align_none valign_top\" style=\"--vwrapper-gap:0px\"><div class=\"w-post-elm post_image usg_post_image_1 has_ratio\"><a target=\"_blank\" rel=\"nofollow\" href=\"https:\/\/www.larazon.es\/espana\/20220907\/m5cytqxvojhq5kqpdzm3ff75bi.html\" aria-label=\"As\u00ed ser\u00e1 el nuevo casco de combate que quiere el Ej\u00e9rcito espa\u00f1ol\"><img loading=\"lazy\" decoding=\"async\" width=\"600\" height=\"400\" src=\"https:\/\/www.fecsa.net\/wp-content\/uploads\/2022\/09\/IZLAHIBXFJCFXMWFD2FAGXXK7E.webp\" class=\"attachment-full size-full wp-post-image\" alt=\"\" \/><\/a><div style=\"padding-bottom:56.25%\"><\/div><\/div><div class=\"w-vwrapper usg_vwrapper_2 align_none valign_top\" style=\"--vwrapper-gap:0px\"><h3 class=\"w-post-elm post_title usg_post_title_1 has_text_color entry-title color_link_inherit\"><a target=\"_blank\" rel=\"nofollow\" href=\"https:\/\/www.larazon.es\/espana\/20220907\/m5cytqxvojhq5kqpdzm3ff75bi.html\">As\u00ed ser\u00e1 el nuevo casco de combate que quiere el Ej\u00e9rcito espa\u00f1ol<\/a><\/h3><div class=\"w-hwrapper usg_hwrapper_1 text-post-news align_right valign_top\" style=\"--hwrapper-gap:1.20rem\"><div class=\"w-text usg_text_1 link-button min has_text_color\"><a target=\"_blank\" rel=\"nofollow\" href=\"https:\/\/www.larazon.es\/espana\/20220907\/m5cytqxvojhq5kqpdzm3ff75bi.html\" class=\"w-text-h\"><span class=\"w-text-value\">View<\/span><\/a><\/div><\/div><\/div><\/div>\t\t<\/div>\r\n\t\t\t<\/article>\r\n\t<article class=\"w-grid-item size_1x1 custom-link post-9505 post type-post status-publish format-standard has-post-thumbnail hentry category-uncategorized\" data-id=\"9505\">\r\n\t\t<div class=\"w-grid-item-h\">\r\n\t\t\t\t\t\t\t<a target=\"_blank\" href=\"https:\/\/www.infodefensa.com\/texto-diario\/mostrar\/3122963\/robles-conoce-nuevo-chaleco-femenino-antifragmentos-disenado-fecsa\" aria-label=\"Robles conoce el nuevo chaleco femenino antifragmentos dise\u00f1ado por Fecsa\"><\/a>\r\n\t\t\t\t\t\t<div class=\"w-vwrapper usg_vwrapper_1 post-news-p align_none valign_top\" style=\"--vwrapper-gap:0px\"><div class=\"w-post-elm post_image usg_post_image_1 has_ratio\"><a target=\"_blank\" rel=\"nofollow\" href=\"https:\/\/www.infodefensa.com\/texto-diario\/mostrar\/3122963\/robles-conoce-nuevo-chaleco-femenino-antifragmentos-disenado-fecsa\" aria-label=\"Robles conoce el nuevo chaleco femenino antifragmentos dise\u00f1ado por Fecsa\"><img loading=\"lazy\" decoding=\"async\" width=\"900\" height=\"600\" src=\"https:\/\/www.fecsa.net\/wp-content\/uploads\/2022\/09\/4767327.webp\" class=\"attachment-full size-full wp-post-image\" alt=\"\" \/><\/a><div style=\"padding-bottom:56.25%\"><\/div><\/div><div class=\"w-vwrapper usg_vwrapper_2 align_none valign_top\" style=\"--vwrapper-gap:0px\"><h3 class=\"w-post-elm post_title usg_post_title_1 has_text_color entry-title color_link_inherit\"><a target=\"_blank\" rel=\"nofollow\" href=\"https:\/\/www.infodefensa.com\/texto-diario\/mostrar\/3122963\/robles-conoce-nuevo-chaleco-femenino-antifragmentos-disenado-fecsa\">Robles conoce el nuevo chaleco femenino antifragmentos dise\u00f1ado por Fecsa<\/a><\/h3><div class=\"w-hwrapper usg_hwrapper_1 text-post-news align_right valign_top\" style=\"--hwrapper-gap:1.20rem\"><div class=\"w-text usg_text_1 link-button min has_text_color\"><a target=\"_blank\" rel=\"nofollow\" href=\"https:\/\/www.infodefensa.com\/texto-diario\/mostrar\/3122963\/robles-conoce-nuevo-chaleco-femenino-antifragmentos-disenado-fecsa\" class=\"w-text-h\"><span class=\"w-text-value\">View<\/span><\/a><\/div><\/div><\/div><\/div>\t\t<\/div>\r\n\t\t\t<\/article>\r\n\t<article class=\"w-grid-item size_1x1 custom-link post-9504 post type-post status-publish format-standard has-post-thumbnail hentry category-uncategorized\" data-id=\"9504\">\r\n\t\t<div class=\"w-grid-item-h\">\r\n\t\t\t\t\t\t\t<a target=\"_blank\" href=\"https:\/\/www.infodefensa.com\/texto-diario\/mostrar\/3127623\/fecsa-suministrara-ejercito-espanol-nuevo-lote-cascos\" aria-label=\"Fecsa suministrar\u00e1 al Ej\u00e9rcito espa\u00f1ol un nuevo lote de cascos\"><\/a>\r\n\t\t\t\t\t\t<div class=\"w-vwrapper usg_vwrapper_1 post-news-p align_none valign_top\" style=\"--vwrapper-gap:0px\"><div class=\"w-post-elm post_image usg_post_image_1 has_ratio\"><a target=\"_blank\" rel=\"nofollow\" href=\"https:\/\/www.infodefensa.com\/texto-diario\/mostrar\/3127623\/fecsa-suministrara-ejercito-espanol-nuevo-lote-cascos\" aria-label=\"Fecsa suministrar\u00e1 al Ej\u00e9rcito espa\u00f1ol un nuevo lote de cascos\"><img loading=\"lazy\" decoding=\"async\" width=\"900\" height=\"675\" src=\"https:\/\/www.fecsa.net\/wp-content\/uploads\/2022\/09\/4774304.webp\" class=\"attachment-full size-full wp-post-image\" alt=\"\" \/><\/a><div style=\"padding-bottom:56.25%\"><\/div><\/div><div class=\"w-vwrapper usg_vwrapper_2 align_none valign_top\" style=\"--vwrapper-gap:0px\"><h3 class=\"w-post-elm post_title usg_post_title_1 has_text_color entry-title color_link_inherit\"><a target=\"_blank\" rel=\"nofollow\" href=\"https:\/\/www.infodefensa.com\/texto-diario\/mostrar\/3127623\/fecsa-suministrara-ejercito-espanol-nuevo-lote-cascos\">Fecsa suministrar\u00e1 al Ej\u00e9rcito espa\u00f1ol un nuevo lote de cascos<\/a><\/h3><div class=\"w-hwrapper usg_hwrapper_1 text-post-news align_right valign_top\" style=\"--hwrapper-gap:1.20rem\"><div class=\"w-text usg_text_1 link-button min has_text_color\"><a target=\"_blank\" rel=\"nofollow\" href=\"https:\/\/www.infodefensa.com\/texto-diario\/mostrar\/3127623\/fecsa-suministrara-ejercito-espanol-nuevo-lote-cascos\" class=\"w-text-h\"><span class=\"w-text-value\">View<\/span><\/a><\/div><\/div><\/div><\/div>\t\t<\/div>\r\n\t\t\t<\/article>\r\n\t<article class=\"w-grid-item size_1x1 custom-link post-9503 post type-post status-publish format-standard has-post-thumbnail hentry category-uncategorized\" data-id=\"9503\">\r\n\t\t<div class=\"w-grid-item-h\">\r\n\t\t\t\t\t\t\t<a target=\"_blank\" href=\"https:\/\/www.larazon.es\/espana\/20220217\/47kvidxf3jcwzhebjch5fugdiy.html\" aria-label=\"Telas que engordan al impacto, se mimetizan o miden las constantes\"><\/a>\r\n\t\t\t\t\t\t<div class=\"w-vwrapper usg_vwrapper_1 post-news-p align_none valign_top\" style=\"--vwrapper-gap:0px\"><div class=\"w-post-elm post_image usg_post_image_1 has_ratio\"><a target=\"_blank\" rel=\"nofollow\" href=\"https:\/\/www.larazon.es\/espana\/20220217\/47kvidxf3jcwzhebjch5fugdiy.html\" aria-label=\"Telas que engordan al impacto, se mimetizan o miden las constantes\"><img loading=\"lazy\" decoding=\"async\" width=\"600\" height=\"400\" src=\"https:\/\/www.fecsa.net\/wp-content\/uploads\/2022\/09\/6M5OPIJLU5HMTAFU6UDYDQOHQE.webp\" class=\"attachment-full size-full wp-post-image\" alt=\"\" \/><\/a><div style=\"padding-bottom:56.25%\"><\/div><\/div><div class=\"w-vwrapper usg_vwrapper_2 align_none valign_top\" style=\"--vwrapper-gap:0px\"><h3 class=\"w-post-elm post_title usg_post_title_1 has_text_color entry-title color_link_inherit\"><a target=\"_blank\" rel=\"nofollow\" href=\"https:\/\/www.larazon.es\/espana\/20220217\/47kvidxf3jcwzhebjch5fugdiy.html\">Telas que engordan al impacto, se mimetizan o miden las constantes<\/a><\/h3><div class=\"w-hwrapper usg_hwrapper_1 text-post-news align_right valign_top\" style=\"--hwrapper-gap:1.20rem\"><div class=\"w-text usg_text_1 link-button min has_text_color\"><a target=\"_blank\" rel=\"nofollow\" href=\"https:\/\/www.larazon.es\/espana\/20220217\/47kvidxf3jcwzhebjch5fugdiy.html\" class=\"w-text-h\"><span class=\"w-text-value\">View<\/span><\/a><\/div><\/div><\/div><\/div>\t\t<\/div>\r\n\t\t\t<\/article>\r\n<\/div>\t<div class=\"w-grid-preloader\">\r\n\t\t<div class=\"g-preloader type_1\">\r\n\t\t\t<div><\/div>\r\n\t\t<\/div>\r\n\t<\/div>\r\n\t\t<div class=\"w-grid-json hidden\" onclick='return {&quot;action&quot;:&quot;us_ajax_grid&quot;,&quot;infinite_scroll&quot;:0,&quot;max_num_pages&quot;:1,&quot;pagination&quot;:&quot;infinite&quot;,&quot;template_vars&quot;:{&quot;columns&quot;:&quot;2&quot;,&quot;exclude_items&quot;:&quot;none&quot;,&quot;img_size&quot;:&quot;default&quot;,&quot;ignore_items_size&quot;:0,&quot;items_layout&quot;:&quot;9306&quot;,&quot;items_offset&quot;:&quot;1&quot;,&quot;load_animation&quot;:&quot;none&quot;,&quot;overriding_link&quot;:&quot;{\\&quot;url\\&quot;:\\&quot;\\&quot;}&quot;,&quot;post_id&quot;:0,&quot;query_args&quot;:{&quot;post_type&quot;:[&quot;post&quot;],&quot;post_status&quot;:[&quot;publish&quot;,&quot;acf-disabled&quot;],&quot;posts_per_page&quot;:&quot;6&quot;},&quot;orderby_query_args&quot;:{&quot;orderby&quot;:{&quot;date&quot;:&quot;DESC&quot;}},&quot;type&quot;:&quot;grid&quot;,&quot;us_grid_post_type&quot;:&quot;post&quot;,&quot;us_grid_ajax_index&quot;:1,&quot;us_grid_filter_query_string&quot;:null,&quot;us_grid_index&quot;:1,&quot;page_args&quot;:[],&quot;lang&quot;:&quot;en&quot;}}'><\/div>\r\n\t<\/div><\/div><\/div><\/div><\/div><\/div><\/div><\/div><\/div><\/div><\/section><section class=\"l-section wpb_row height_auto width_full\"><div class=\"l-section-h i-cf\"><div class=\"g-cols vc_row via_flex valign_top type_default stacking_default\"><div class=\"vc_col-sm-12 wpb_column vc_column_container\"><div class=\"vc_column-inner\"><div class=\"wpb_wrapper\"><div class=\"w-image us_custom_3cd2f422 rotating deco align_none\"><div class=\"w-image-h\"><img decoding=\"async\" width=\"298\" height=\"299\" src=\"https:\/\/www.fecsa.net\/wp-content\/uploads\/2022\/07\/img-visor2-negro.png\" class=\"attachment-full size-full\" alt=\"\" loading=\"lazy\" \/><\/div><\/div><\/div><\/div><\/div><\/div><\/div><\/section><section class=\"l-section wpb_row us_custom_a2ebf4ae overflow-hidden height_large width_full color_alternate\"><div class=\"l-section-h i-cf\"><div class=\"g-cols vc_row via_flex valign_top type_default stacking_default\"><div class=\"vc_col-sm-12 wpb_column vc_column_container\"><div class=\"vc_column-inner\"><div class=\"wpb_wrapper\"><div class=\"w-image us_custom_e2775201 deco-fecsa align_none\"><div class=\"w-image-h\"><img decoding=\"async\" width=\"1836\" height=\"833\" src=\"https:\/\/www.fecsa.net\/wp-content\/uploads\/2022\/07\/deco-standard.png\" class=\"attachment-full size-full\" alt=\"\" loading=\"lazy\" \/><\/div><\/div><div class=\"g-cols wpb_row us_custom_4b7c0ab9 via_flex valign_top type_default stacking_default\"><div class=\"vc_col-sm-12 wpb_column vc_column_container\"><div class=\"vc_column-inner\"><div class=\"wpb_wrapper\"><div class=\"w-vwrapper wrapper-marquee align_center valign_middle\" style=\"--vwrapper-gap:0\"><div class=\"wpb_text_column marquee\"><div class=\"wpb_wrapper\"><ul>\n<li>News<\/li>\n<li>News<\/li>\n<li>News<\/li>\n<li>News<\/li>\n<\/ul>\n<ul>\n<li>News<\/li>\n<li>News<\/li>\n<li>News<\/li>\n<li>News<\/li>\n<\/ul>\n<\/div><\/div><\/div><\/div><\/div><\/div><\/div><\/div><\/div><\/div><\/div><\/div><\/section>\n","protected":false},"excerpt":{"rendered":"","protected":false},"author":1,"featured_media":0,"parent":0,"menu_order":0,"comment_status":"closed","ping_status":"closed","template":"","meta":{"_acf_changed":false,"footnotes":""},"class_list":["post-9325","page","type-page","status-publish","hentry"],"acf":[],"yoast_head":"<!-- This site is optimized with the Yoast SEO plugin v27.4 - https:\/\/yoast.com\/product\/yoast-seo-wordpress\/ -->\n<title>News | FECSA<\/title>\n<meta name=\"robots\" content=\"index, follow, max-snippet:-1, max-image-preview:large, max-video-preview:-1\" \/>\n<link rel=\"canonical\" href=\"https:\/\/www.fecsa.net\/en\/news\/\" \/>\n<meta property=\"og:locale\" content=\"en_US\" \/>\n<meta property=\"og:type\" content=\"article\" \/>\n<meta property=\"og:title\" content=\"News | FECSA\" \/>\n<meta property=\"og:url\" content=\"https:\/\/www.fecsa.net\/en\/news\/\" \/>\n<meta property=\"og:site_name\" content=\"FECSA\" \/>\n<meta property=\"article:modified_time\" content=\"2024-04-23T16:53:47+00:00\" \/>\n<meta name=\"twitter:card\" content=\"summary_large_image\" \/>\n<meta name=\"twitter:label1\" content=\"Est. reading time\" \/>\n\t<meta name=\"twitter:data1\" content=\"3 minutes\" \/>\n<script type=\"application\/ld+json\" class=\"yoast-schema-graph\">{\"@context\":\"https:\\\/\\\/schema.org\",\"@graph\":[{\"@type\":\"WebPage\",\"@id\":\"https:\\\/\\\/www.fecsa.net\\\/en\\\/news\\\/\",\"url\":\"https:\\\/\\\/www.fecsa.net\\\/en\\\/news\\\/\",\"name\":\"News | FECSA\",\"isPartOf\":{\"@id\":\"https:\\\/\\\/www.fecsa.net\\\/en\\\/#website\"},\"datePublished\":\"2022-08-03T14:33:44+00:00\",\"dateModified\":\"2024-04-23T16:53:47+00:00\",\"breadcrumb\":{\"@id\":\"https:\\\/\\\/www.fecsa.net\\\/en\\\/news\\\/#breadcrumb\"},\"inLanguage\":\"en-US\",\"potentialAction\":[{\"@type\":\"ReadAction\",\"target\":[\"https:\\\/\\\/www.fecsa.net\\\/en\\\/news\\\/\"]}]},{\"@type\":\"BreadcrumbList\",\"@id\":\"https:\\\/\\\/www.fecsa.net\\\/en\\\/news\\\/#breadcrumb\",\"itemListElement\":[{\"@type\":\"ListItem\",\"position\":1,\"name\":\"Portada\",\"item\":\"https:\\\/\\\/www.fecsa.net\\\/en\\\/home\\\/\"},{\"@type\":\"ListItem\",\"position\":2,\"name\":\"News\"}]},{\"@type\":\"WebSite\",\"@id\":\"https:\\\/\\\/www.fecsa.net\\\/en\\\/#website\",\"url\":\"https:\\\/\\\/www.fecsa.net\\\/en\\\/\",\"name\":\"FECSA\",\"description\":\"\",\"potentialAction\":[{\"@type\":\"SearchAction\",\"target\":{\"@type\":\"EntryPoint\",\"urlTemplate\":\"https:\\\/\\\/www.fecsa.net\\\/en\\\/?s={search_term_string}\"},\"query-input\":{\"@type\":\"PropertyValueSpecification\",\"valueRequired\":true,\"valueName\":\"search_term_string\"}}],\"inLanguage\":\"en-US\"}]}<\/script>\n<!-- \/ Yoast SEO plugin. -->","yoast_head_json":{"title":"News | FECSA","robots":{"index":"index","follow":"follow","max-snippet":"max-snippet:-1","max-image-preview":"max-image-preview:large","max-video-preview":"max-video-preview:-1"},"canonical":"https:\/\/www.fecsa.net\/en\/news\/","og_locale":"en_US","og_type":"article","og_title":"News | FECSA","og_url":"https:\/\/www.fecsa.net\/en\/news\/","og_site_name":"FECSA","article_modified_time":"2024-04-23T16:53:47+00:00","twitter_card":"summary_large_image","twitter_misc":{"Est. reading time":"3 minutes"},"schema":{"@context":"https:\/\/schema.org","@graph":[{"@type":"WebPage","@id":"https:\/\/www.fecsa.net\/en\/news\/","url":"https:\/\/www.fecsa.net\/en\/news\/","name":"News | FECSA","isPartOf":{"@id":"https:\/\/www.fecsa.net\/en\/#website"},"datePublished":"2022-08-03T14:33:44+00:00","dateModified":"2024-04-23T16:53:47+00:00","breadcrumb":{"@id":"https:\/\/www.fecsa.net\/en\/news\/#breadcrumb"},"inLanguage":"en-US","potentialAction":[{"@type":"ReadAction","target":["https:\/\/www.fecsa.net\/en\/news\/"]}]},{"@type":"BreadcrumbList","@id":"https:\/\/www.fecsa.net\/en\/news\/#breadcrumb","itemListElement":[{"@type":"ListItem","position":1,"name":"Portada","item":"https:\/\/www.fecsa.net\/en\/home\/"},{"@type":"ListItem","position":2,"name":"News"}]},{"@type":"WebSite","@id":"https:\/\/www.fecsa.net\/en\/#website","url":"https:\/\/www.fecsa.net\/en\/","name":"FECSA","description":"","potentialAction":[{"@type":"SearchAction","target":{"@type":"EntryPoint","urlTemplate":"https:\/\/www.fecsa.net\/en\/?s={search_term_string}"},"query-input":{"@type":"PropertyValueSpecification","valueRequired":true,"valueName":"search_term_string"}}],"inLanguage":"en-US"}]}},"_links":{"self":[{"href":"https:\/\/www.fecsa.net\/en\/wp-json\/wp\/v2\/pages\/9325","targetHints":{"allow":["GET"]}}],"collection":[{"href":"https:\/\/www.fecsa.net\/en\/wp-json\/wp\/v2\/pages"}],"about":[{"href":"https:\/\/www.fecsa.net\/en\/wp-json\/wp\/v2\/types\/page"}],"author":[{"embeddable":true,"href":"https:\/\/www.fecsa.net\/en\/wp-json\/wp\/v2\/users\/1"}],"replies":[{"embeddable":true,"href":"https:\/\/www.fecsa.net\/en\/wp-json\/wp\/v2\/comments?post=9325"}],"version-history":[{"count":3,"href":"https:\/\/www.fecsa.net\/en\/wp-json\/wp\/v2\/pages\/9325\/revisions"}],"predecessor-version":[{"id":13201,"href":"https:\/\/www.fecsa.net\/en\/wp-json\/wp\/v2\/pages\/9325\/revisions\/13201"}],"wp:attachment":[{"href":"https:\/\/www.fecsa.net\/en\/wp-json\/wp\/v2\/media?parent=9325"}],"curies":[{"name":"wp","href":"https:\/\/api.w.org\/{rel}","templated":true}]}}