{"id":9336,"date":"2022-01-25T10:17:57","date_gmt":"2022-01-25T09:17:57","guid":{"rendered":"https:\/\/www.fecsa.net\/?page_id=9336"},"modified":"2022-09-27T13:06:36","modified_gmt":"2022-09-27T12:06:36","slug":"social-media-policy","status":"publish","type":"page","link":"https:\/\/www.fecsa.net\/en\/social-media-policy\/","title":{"rendered":"Social media policy"},"content":{"rendered":"<section class=\"l-section wpb_row us_custom_52a5aefe header product height_medium width_full color_alternate\"><div class=\"l-section-overlay\" style=\"background:rgba(1,0,1,0.45)\"><\/div><div class=\"l-section-h i-cf\"><div class=\"g-cols vc_row via_flex valign_top type_default stacking_default\"><div class=\"vc_col-sm-12 wpb_column vc_column_container\"><div class=\"vc_column-inner\"><div class=\"wpb_wrapper\"><div class=\"g-cols wpb_row us_custom_f1bde117 via_flex valign_top type_default stacking_default\"><div class=\"vc_col-sm-12 wpb_column vc_column_container\"><div class=\"vc_column-inner us_custom_2293e2d3\"><div class=\"wpb_wrapper\">[vc_custom_heading text=&#8221;<strong>Social media<\/strong> policy&#8221; font_container=&#8221;tag:h1|text_align:left&#8221; use_theme_fonts=&#8221;yes&#8221; css=&#8221;%7B%22default%22%3A%7B%22margin-bottom%22%3A%220%22%2C%22animation-name%22%3A%22afr%22%7D%7D&#8221;]<div class=\"w-separator deco-line size_small with_line width_50 thick_1 style_solid color_border align_none\"><div class=\"w-separator-h\"><\/div><\/div><\/div><\/div><\/div><\/div><div class=\"w-image us_custom_3fe18b84 deco-fecsa align_none\"><div class=\"w-image-h\"><img decoding=\"async\" width=\"1836\" height=\"963\" src=\"https:\/\/www.fecsa.net\/wp-content\/uploads\/2022\/07\/deco-header-fecsa.png\" class=\"attachment-full size-full\" alt=\"\" loading=\"lazy\" \/><\/div><\/div><\/div><\/div><\/div><\/div><\/div><\/section><section class=\"l-section wpb_row height_medium\"><div class=\"l-section-h i-cf\"><div class=\"g-cols vc_row via_flex valign_top type_default stacking_default\"><div class=\"vc_col-sm-12 wpb_column vc_column_container\"><div class=\"vc_column-inner\"><div class=\"wpb_wrapper\"><div class=\"wpb_text_column\"><div class=\"wpb_wrapper\"><p><strong>1. Responsable de la cuenta<\/strong> Esta cuenta es responsabilidad de <strong>F\u00c1BRICA ESPA\u00d1OLA DE CONFECCIONES, S.A.<\/strong> con CIF A04055745 y con domicilio en Calle Acacias, 3 \u2013 28700 San Sebasti\u00e1n de los Reyes (Madrid). Contacto: protecciondatos@fecsa.es <strong>2. Motivaci\u00f3n<\/strong> El objetivo de este documento es informar a los Usuarios de las p\u00e1ginas oficiales de F\u00c1BRICA ESPA\u00d1OLA DE CONFECCIONES, S.A. en redes sociales de internet y plataformas de v\u00eddeo online (en adelante, denominadas de forma conjunta, Redes Sociales) sobre el tratamiento de sus datos personales. <strong>3. Protecci\u00f3n de datos personales<\/strong> <strong>3.1. Qu\u00e9 datos se tratan<\/strong> Con car\u00e1cter general, F\u00c1BRICA ESPA\u00d1OLA DE CONFECCIONES, S.A. no extrae datos de las Redes Sociales. F\u00c1BRICA ESPA\u00d1OLA DE CONFECCIONES, S.A. \u00fanicamente tiene acceso a los datos que el usuario haya decidido publicar en las Redes Sociales, tales como su nombre, alias, apodo o nickname, su fotograf\u00eda o avatar, y el resto de datos incluidos en el perfil de usuario. <strong>3.2. Para qu\u00e9 se utilizan estos datos<\/strong> Estos datos se utilizan \u00fanicamente para gestionar el uso normal de las Redes Sociales, pudiendo contestar p\u00fablica o privadamente a los Usuarios, seg\u00fan la situaci\u00f3n, o re-publicar alg\u00fan mensaje escrito por un Usuario mediante las herramientas o funciones dispuestas al efecto por las Redes Sociales. <strong>3.3. Destinatarios de los datos<\/strong> Con car\u00e1cter general, F\u00c1BRICA ESPA\u00d1OLA DE CONFECCIONES, S.A. no extrae los datos de los Usuarios de las Redes Sociales ni los comunica a terceras partes; no obstante, el simple uso de las herramientas o funciones de la red social (como la menci\u00f3n o la re-publicaci\u00f3n de un mensaje) implican la comunicaci\u00f3n de sus datos al resto de usuarios de la Red Social en cuesti\u00f3n. El Usuario debe ser consciente de las consecuencias del uso de las Redes Sociales. <strong>3.4. Alojamiento de los datos<\/strong> Con car\u00e1cter general, F\u00c1BRICA ESPA\u00d1OLA DE CONFECCIONES, S.A. no extrae los datos de los Usuarios de las Redes Sociales, por lo tanto, los datos est\u00e1n alojados exclusivamente en los sistemas de informaci\u00f3n de la Red Social en cuesti\u00f3n. Normalmente estos sistemas estar\u00e1n ubicados en pa\u00edses ajenos a la Uni\u00f3n Europea cuya legislaci\u00f3n no ofrezca un nivel adecuado de protecci\u00f3n de datos a criterio de las autoridades europeas. No obstante, puede que algunas de las Redes Sociales se hayan adherido a programas o marcos de trabajo para garantizar su compromiso con las normas europeas de protecci\u00f3n de datos, como el Escudo de Privacidad o Privacy Shield ( <a href=\"http:\/\/www.privacyshield.gov\">www.privacyshield.gov<\/a> ). F\u00c1BRICA ESPA\u00d1OLA DE CONFECCIONES, S.A. recomienda al usuario que consulte las condiciones de privacidad de la Red Social en cuesti\u00f3n y verifique las garant\u00edas que ofrece en materia de protecci\u00f3n de datos. <strong>3.5. Base jur\u00eddica que legitima el tratamiento<\/strong> La base jur\u00eddica que legitima los tratamientos indicados es el consentimiento expreso del Usuario, prestado mediante la aceptaci\u00f3n de las condiciones de privacidad de la Red Social en cuesti\u00f3n y el v\u00ednculo con F\u00c1BRICA ESPA\u00d1OLA DE CONFECCIONES, S.A. que el Usuario haya autorizado o solicitado. El consentimiento puede ser retirado en cualquier momento a trav\u00e9s de los mecanismos de la Red Social para deshacer el v\u00ednculo con F\u00c1BRICA ESPA\u00d1OLA DE CONFECCIONES, S.A.. <strong>3.6. Plazo de tratamiento de los datos<\/strong> Debido a la naturaleza de los tratamientos que realiza F\u00c1BRICA ESPA\u00d1OLA DE CONFECCIONES, S.A., los datos de los Usuarios de las Redes Sociales ser\u00e1n tratados de forma indefinida en el tiempo hasta que el Usuario ejerza su derecho de supresi\u00f3n. <strong>3.7. Qu\u00e9 derechos tiene el Usuario y c\u00f3mo ejercerlos<\/strong> La normativa de protecci\u00f3n de datos garantiza a los Usuarios los siguientes derechos:<\/p>\n<ul>\n<li><u>Acceso<\/u>: Permite al Usuario conocer qu\u00e9 informaci\u00f3n se tiene, de d\u00f3nde se ha obtenido, a qui\u00e9n se ha facilitado y con qu\u00e9 usos se ha tratado.<\/li>\n<li><u>Rectificaci\u00f3n<\/u>: Permite al Usuario rectificar alg\u00fan dato err\u00f3neo o desactualizado.<\/li>\n<li><u>Supresi\u00f3n<\/u>: Permite al Usuario conseguir que se dejen de tratar sus datos.<\/li>\n<li><u>Oposici\u00f3n<\/u>: Permite al Usuario conseguir que se dejen de utilizar sus datos con una finalidad concreta.<\/li>\n<li><u>Limitaci\u00f3n<\/u>: Permite al Usuario restringir el tratamiento de sus datos, pero de forma que sean conservados para alguna finalidad posterior.<\/li>\n<li><u>Portabilidad<\/u>: Permite al Usuario obtener una copia de sus datos en formato electr\u00f3nico y, en determinadas circunstancias, solicitar que sean comunicados a otro prestador de servicios. S\u00f3lo es aplicable para tratamientos informatizados realizados con el consentimiento del Usuario o para el cumplimiento de un contrato.<\/li>\n<\/ul>\n<p>Los Usuarios pueden solicitar el ejercicio de estos derechos a F\u00c1BRICA ESPA\u00d1OLA DE CONFECCIONES, S.A. mediante correo postal a la direcci\u00f3n indicada o por medio de correo electr\u00f3nico a protecciondatos@fecsa.es, acreditando su identidad mediante copia de su DNI o documento equivalente, concretando su solicitud y acreditando tambi\u00e9n su condici\u00f3n de Usuario de una Red Social en concreto. No obstante, con car\u00e1cter general, F\u00c1BRICA ESPA\u00d1OLA DE CONFECCIONES, S.A. no extrae los datos de los Usuarios de las Redes Sociales, por lo tanto, habr\u00e1 ciertos derechos que F\u00c1BRICA ESPA\u00d1OLA DE CONFECCIONES, S.A. no podr\u00e1 facilitar a los Usuarios. Si los Usuarios desean m\u00e1s informaci\u00f3n al respecto o consideran vulnerado su derecho a la protecci\u00f3n de datos, podr\u00e1n ponerse en contacto con la Agencia Espa\u00f1ola de Protecci\u00f3n de Datos ( <a href=\"http:\/\/www.aepd.es\">www.aepd.es<\/a> ). <strong>4. Responsabilidad de las Redes Sociales<\/strong> F\u00c1BRICA ESPA\u00d1OLA DE CONFECCIONES, S.A. no es responsable de los actos, herramientas, mecanismos, funciones o procedimientos propios de las Redes Sociales. Cualquier reclamaci\u00f3n por una vulneraci\u00f3n provocada por una Red Social en concreto, debe ser dirigida contra la empresa gestora o responsable de la propia Red Social.<\/p>\n<\/div><\/div><\/div><\/div><\/div><\/div><\/div><\/section>\n","protected":false},"excerpt":{"rendered":"[vc_custom_heading text=\"Social media policy\" font_container=\"tag:h1|text_align:left\" use_theme_fonts=\"yes\" css=\"%7B%22default%22%3A%7B%22margin-bottom%22%3A%220%22%2C%22animation-name%22%3A%22afr%22%7D%7D\"]1. Responsable de la cuenta Esta cuenta es responsabilidad de F\u00c1BRICA ESPA\u00d1OLA DE CONFECCIONES, S.A. con CIF A04055745 y con domicilio en Calle Acacias, 3 \u2013 28700 San Sebasti\u00e1n de los Reyes (Madrid). Contacto: protecciondatos@fecsa.es 2. Motivaci\u00f3n El objetivo de este documento es informar a los Usuarios de las...","protected":false},"author":1,"featured_media":0,"parent":0,"menu_order":0,"comment_status":"closed","ping_status":"closed","template":"","meta":{"_acf_changed":false,"footnotes":""},"class_list":["post-9336","page","type-page","status-publish","hentry"],"acf":[],"yoast_head":"<!-- This site is optimized with the Yoast SEO plugin v27.4 - https:\/\/yoast.com\/product\/yoast-seo-wordpress\/ -->\n<title>Social media policy | FECSA<\/title>\n<meta name=\"robots\" content=\"noindex, follow\" \/>\n<meta property=\"og:locale\" content=\"en_US\" \/>\n<meta property=\"og:type\" content=\"article\" \/>\n<meta property=\"og:title\" content=\"Social media policy | FECSA\" \/>\n<meta property=\"og:url\" content=\"https:\/\/www.fecsa.net\/en\/social-media-policy\/\" \/>\n<meta property=\"og:site_name\" content=\"FECSA\" \/>\n<meta property=\"article:modified_time\" content=\"2022-09-27T12:06:36+00:00\" \/>\n<meta name=\"twitter:card\" content=\"summary_large_image\" \/>\n<meta name=\"twitter:label1\" content=\"Est. reading time\" \/>\n\t<meta name=\"twitter:data1\" content=\"6 minutes\" \/>\n<script type=\"application\/ld+json\" class=\"yoast-schema-graph\">{\"@context\":\"https:\\\/\\\/schema.org\",\"@graph\":[{\"@type\":\"WebPage\",\"@id\":\"https:\\\/\\\/www.fecsa.net\\\/en\\\/social-media-policy\\\/\",\"url\":\"https:\\\/\\\/www.fecsa.net\\\/en\\\/social-media-policy\\\/\",\"name\":\"Social media policy | FECSA\",\"isPartOf\":{\"@id\":\"https:\\\/\\\/www.fecsa.net\\\/en\\\/#website\"},\"datePublished\":\"2022-01-25T09:17:57+00:00\",\"dateModified\":\"2022-09-27T12:06:36+00:00\",\"breadcrumb\":{\"@id\":\"https:\\\/\\\/www.fecsa.net\\\/en\\\/social-media-policy\\\/#breadcrumb\"},\"inLanguage\":\"en-US\",\"potentialAction\":[{\"@type\":\"ReadAction\",\"target\":[\"https:\\\/\\\/www.fecsa.net\\\/en\\\/social-media-policy\\\/\"]}]},{\"@type\":\"BreadcrumbList\",\"@id\":\"https:\\\/\\\/www.fecsa.net\\\/en\\\/social-media-policy\\\/#breadcrumb\",\"itemListElement\":[{\"@type\":\"ListItem\",\"position\":1,\"name\":\"Portada\",\"item\":\"https:\\\/\\\/www.fecsa.net\\\/en\\\/home\\\/\"},{\"@type\":\"ListItem\",\"position\":2,\"name\":\"Social media policy\"}]},{\"@type\":\"WebSite\",\"@id\":\"https:\\\/\\\/www.fecsa.net\\\/en\\\/#website\",\"url\":\"https:\\\/\\\/www.fecsa.net\\\/en\\\/\",\"name\":\"FECSA\",\"description\":\"\",\"potentialAction\":[{\"@type\":\"SearchAction\",\"target\":{\"@type\":\"EntryPoint\",\"urlTemplate\":\"https:\\\/\\\/www.fecsa.net\\\/en\\\/?s={search_term_string}\"},\"query-input\":{\"@type\":\"PropertyValueSpecification\",\"valueRequired\":true,\"valueName\":\"search_term_string\"}}],\"inLanguage\":\"en-US\"}]}<\/script>\n<!-- \/ Yoast SEO plugin. -->","yoast_head_json":{"title":"Social media policy | FECSA","robots":{"index":"noindex","follow":"follow"},"og_locale":"en_US","og_type":"article","og_title":"Social media policy | FECSA","og_url":"https:\/\/www.fecsa.net\/en\/social-media-policy\/","og_site_name":"FECSA","article_modified_time":"2022-09-27T12:06:36+00:00","twitter_card":"summary_large_image","twitter_misc":{"Est. reading time":"6 minutes"},"schema":{"@context":"https:\/\/schema.org","@graph":[{"@type":"WebPage","@id":"https:\/\/www.fecsa.net\/en\/social-media-policy\/","url":"https:\/\/www.fecsa.net\/en\/social-media-policy\/","name":"Social media policy | FECSA","isPartOf":{"@id":"https:\/\/www.fecsa.net\/en\/#website"},"datePublished":"2022-01-25T09:17:57+00:00","dateModified":"2022-09-27T12:06:36+00:00","breadcrumb":{"@id":"https:\/\/www.fecsa.net\/en\/social-media-policy\/#breadcrumb"},"inLanguage":"en-US","potentialAction":[{"@type":"ReadAction","target":["https:\/\/www.fecsa.net\/en\/social-media-policy\/"]}]},{"@type":"BreadcrumbList","@id":"https:\/\/www.fecsa.net\/en\/social-media-policy\/#breadcrumb","itemListElement":[{"@type":"ListItem","position":1,"name":"Portada","item":"https:\/\/www.fecsa.net\/en\/home\/"},{"@type":"ListItem","position":2,"name":"Social media policy"}]},{"@type":"WebSite","@id":"https:\/\/www.fecsa.net\/en\/#website","url":"https:\/\/www.fecsa.net\/en\/","name":"FECSA","description":"","potentialAction":[{"@type":"SearchAction","target":{"@type":"EntryPoint","urlTemplate":"https:\/\/www.fecsa.net\/en\/?s={search_term_string}"},"query-input":{"@type":"PropertyValueSpecification","valueRequired":true,"valueName":"search_term_string"}}],"inLanguage":"en-US"}]}},"_links":{"self":[{"href":"https:\/\/www.fecsa.net\/en\/wp-json\/wp\/v2\/pages\/9336","targetHints":{"allow":["GET"]}}],"collection":[{"href":"https:\/\/www.fecsa.net\/en\/wp-json\/wp\/v2\/pages"}],"about":[{"href":"https:\/\/www.fecsa.net\/en\/wp-json\/wp\/v2\/types\/page"}],"author":[{"embeddable":true,"href":"https:\/\/www.fecsa.net\/en\/wp-json\/wp\/v2\/users\/1"}],"replies":[{"embeddable":true,"href":"https:\/\/www.fecsa.net\/en\/wp-json\/wp\/v2\/comments?post=9336"}],"version-history":[{"count":1,"href":"https:\/\/www.fecsa.net\/en\/wp-json\/wp\/v2\/pages\/9336\/revisions"}],"predecessor-version":[{"id":9338,"href":"https:\/\/www.fecsa.net\/en\/wp-json\/wp\/v2\/pages\/9336\/revisions\/9338"}],"wp:attachment":[{"href":"https:\/\/www.fecsa.net\/en\/wp-json\/wp\/v2\/media?parent=9336"}],"curies":[{"name":"wp","href":"https:\/\/api.w.org\/{rel}","templated":true}]}}